{"id":13,"date":"2020-04-23T17:05:05","date_gmt":"2020-04-23T15:05:05","guid":{"rendered":"https:\/\/www.vg-schirnding.de\/?page_id=13"},"modified":"2022-01-21T11:33:45","modified_gmt":"2022-01-21T10:33:45","slug":"online-serviceportal","status":"publish","type":"page","link":"https:\/\/www.vg-schirnding.de\/?page_id=13","title":{"rendered":"B\u00fcrgerservice Online"},"content":{"rendered":"<p style=\"text-align: justify;\">Hier k\u00f6nnen Sie zahlreiche Antr\u00e4ge an die Verwaltungsgemeinschaft Schirnding bequem von zu Hause aus erledigen. Bestimmte Antr\u00e4ge (im pdf-Format) m\u00fcssen leider noch im Original eingereicht werden. F\u00fcr die kostenpflichtigen Antr\u00e4ge stehen Ihnen folgende Zahlungsm\u00f6glichkeiten zur Verf\u00fcgung:<\/p>\n<p><strong>giropay\u00a0\u00a0\u00a0\u00a0\u00a0\u00a0\u00a0\u00a0\u00a0\u00a0\u00a0\u00a0\u00a0\u00a0\u00a0\u00a0\u00a0\u00a0\u00a0\u00a0\u00a0\u00a0\u00a0\u00a0\u00a0 <\/strong><strong><br \/>\n<\/strong> \u00a0 <img loading=\"lazy\" decoding=\"async\" class=\"wp-image-172 alignleft\" src=\"https:\/\/www.vg-schirnding.de\/wp-content\/uploads\/2020\/06\/giropay-300x130.png\" alt=\"\" width=\"150\" height=\"65\" \/><\/p>\n<p>&nbsp;<\/p>\n<p><strong>Lastschrift<\/strong><br \/>\n<img loading=\"lazy\" decoding=\"async\" class=\"wp-image-178 alignnone\" src=\"https:\/\/www.vg-schirnding.de\/wp-content\/uploads\/2020\/06\/sepa-300x130.png\" alt=\"\" width=\"150\" height=\"65\" \/><\/p>\n<p>&nbsp;<\/p>\n<hr \/>\n<h2><strong>B\u00fcrgerb\u00fcro<\/strong><\/h2>\n<ul>\n<li><a href=\"https:\/\/melderegister.komuna.net\/schirnding\/auskunft\/start\" target=\"_blank\" rel=\"noopener noreferrer\">Einfache Melderegisterauskunft<\/a><\/li>\n<li><a href=\"https:\/\/serviceportal.komuna.net\/schirnding\/rsp\/meldebescheinigung\/start\" target=\"_blank\" rel=\"noopener noreferrer\">Antrag Einfache Meldebescheinigung<\/a> (kostenpflichtig)<\/li>\n<li><a href=\"https:\/\/serviceportal.komuna.net\/schirnding\/rsp\/aufenthaltsbescheinigung\/start\" target=\"_blank\" rel=\"noopener noreferrer\">Antrag Erweiterte Meldebescheinigung<\/a> (kostenpflichtig)<\/li>\n<li><a href=\"https:\/\/serviceportal.komuna.net\/schirnding\/rsp\/uebermittlungssperre\/start\" target=\"_blank\" rel=\"noopener noreferrer\">Antrag \u00dcbermittlungssperre<\/a><\/li>\n<li><a href=\"https:\/\/serviceportal.komuna.net\/schirnding\/rsp\/auskunftssperre\/start\" target=\"_blank\" rel=\"noopener noreferrer\">Antrag Auskunftssperre<\/a><\/li>\n<li><a href=\"https:\/\/serviceportal.komuna.net\/schirnding\/rsp\/gewerbeauskunft\/start\" target=\"_blank\" rel=\"noopener noreferrer\">Antrag Gewerbezentralregister<\/a> (kostenpflichtig)<\/li>\n<li><a href=\"https:\/\/serviceportal.komuna.net\/schirnding\/rsp\/fuehrungszeugnis\/start\" target=\"_blank\" rel=\"noopener noreferrer\">Antrag F\u00fchrungszeugnis<\/a> (kostenpflichtig)<\/li>\n<li><a href=\"https:\/\/serviceportal.komuna.net\/schirnding\/papass\/start\" target=\"_blank\" rel=\"noopener noreferrer\">Passabfrage<\/a><\/li>\n<li><a href=\"https:\/\/serviceportal.komuna.net\/schirnding\/rsp\/kinderreisepass\/start\" target=\"_blank\" rel=\"noopener noreferrer\">Reisedokumente f\u00fcr Kinder<\/a><\/li>\n<li><a href=\"https:\/\/serviceportal.komuna.net\/schirnding\/rsp\/verlustdokument\/start\" target=\"_blank\" rel=\"noopener noreferrer\">Verlusterkl\u00e4rung eines Dokumentes<\/a><\/li>\n<li><a href=\"https:\/\/serviceportal.komuna.net\/schirnding\/umzug\/start\" target=\"_blank\" rel=\"noopener noreferrer\">Umzug<\/a><\/li>\n<li><a href=\"https:\/\/serviceportal.komuna.net\/schirnding\/zuzug\/start\">Zuzug<\/a><\/li>\n<li><a href=\"https:\/\/serviceportal.komuna.net\/schirnding\/rsp\/anmeldungnew\/start\" target=\"_blank\" rel=\"noopener noreferrer\">Anmeldung Nebenwohnung<\/a><\/li>\n<li><a href=\"https:\/\/serviceportal.komuna.net\/schirnding\/rsp\/abmeldungnew\/start\" target=\"_blank\" rel=\"noopener noreferrer\">Abmeldung Nebenwohnung<\/a><\/li>\n<li><a href=\"https:\/\/serviceportal.komuna.net\/schirnding\/rsp\/statuswechsel\/start\" target=\"_blank\" rel=\"noopener noreferrer\">Statuswechsel<\/a><\/li>\n<\/ul>\n<hr \/>\n<h2><strong>Wahlen<\/strong><\/h2>\n<ul>\n<li><a href=\"https:\/\/serviceportal.komuna.net\/iws_IWS\/startini.do?mb=9479127\" target=\"_blank\" rel=\"noopener\">Wahlschein<\/a><\/li>\n<li><a href=\"https:\/\/serviceportal.komuna.net\/schirnding\/rsp\/wahlhelfer\/start\" target=\"_blank\" rel=\"noopener noreferrer\">Bewerbung als Wahlhelfer<\/a><\/li>\n<\/ul>\n<hr \/>\n<h2><strong>Standesamt<\/strong><\/h2>\n<ul>\n<li><a href=\"https:\/\/formular.komuna.net\/intelliform\/forms\/standesamt\/schirnding\/schirnding\/index\" target=\"_blank\" rel=\"noopener noreferrer\">Antrag Personenstandsurkunden<\/a><\/li>\n<\/ul>\n<hr \/>\n<h2><strong>Fundsachen<\/strong><\/h2>\n<ul>\n<li><a href=\"https:\/\/fundsuche02.kivbf.de\/?mdt=schirnding\" target=\"_blank\" rel=\"noopener noreferrer\">FundInfo B\u00fcrgersuche<\/a><\/li>\n<\/ul>\n<hr \/>\n<h2><strong>Kasse<\/strong><\/h2>\n<ul>\n<li><a href=\"https:\/\/formular.komuna.net\/intelliform\/forms\/schirnding\/verwaltung\/pool\/hundesteuer-anmeldung\/index\" target=\"_blank\" rel=\"noopener\">Anmeldung Hundesteuer<\/a><\/li>\n<li><a href=\"https:\/\/formular.komuna.net\/intelliform\/forms\/schirnding\/verwaltung\/pool\/hundesteuer-abmeldung\/index\" target=\"_blank\" rel=\"noopener\">Abmeldung Hundesteuer<\/a><\/li>\n<li><a href=\"https:\/\/formular.komuna.net\/intelliform\/forms\/schirnding\/verwaltung\/pool\/sepa\/index\" target=\"_blank\" rel=\"noopener noreferrer\">Antrag SEPA-Lastschriftmandat<\/a><\/li>\n<\/ul>\n<hr \/>\n<p>&nbsp;<\/p>\n","protected":false},"excerpt":{"rendered":"<p>Hier k\u00f6nnen Sie zahlreiche Antr\u00e4ge an die Verwaltungsgemeinschaft Schirnding bequem von zu Hause aus erledigen. Bestimmte Antr\u00e4ge (im pdf-Format) m\u00fcssen leider noch im Original eingereicht werden. F\u00fcr die kostenpflichtigen Antr\u00e4ge stehen Ihnen folgende Zahlungsm\u00f6glichkeiten zur Verf\u00fcgung: giropay\u00a0\u00a0\u00a0\u00a0\u00a0\u00a0\u00a0\u00a0\u00a0\u00a0\u00a0\u00a0\u00a0\u00a0\u00a0\u00a0\u00a0\u00a0\u00a0\u00a0\u00a0\u00a0\u00a0\u00a0\u00a0 \u00a0 &nbsp; Lastschrift &nbsp; B\u00fcrgerb\u00fcro Einfache Melderegisterauskunft Antrag Einfache Meldebescheinigung (kostenpflichtig) Antrag Erweiterte Meldebescheinigung (kostenpflichtig) Antrag \u00dcbermittlungssperre Antrag [&hellip;]<\/p>\n","protected":false},"author":1,"featured_media":0,"parent":231,"menu_order":0,"comment_status":"closed","ping_status":"closed","template":"","meta":{"footnotes":"","_links_to":"","_links_to_target":""},"class_list":["post-13","page","type-page","status-publish","hentry"],"_links":{"self":[{"href":"https:\/\/www.vg-schirnding.de\/index.php?rest_route=\/wp\/v2\/pages\/13","targetHints":{"allow":["GET"]}}],"collection":[{"href":"https:\/\/www.vg-schirnding.de\/index.php?rest_route=\/wp\/v2\/pages"}],"about":[{"href":"https:\/\/www.vg-schirnding.de\/index.php?rest_route=\/wp\/v2\/types\/page"}],"author":[{"embeddable":true,"href":"https:\/\/www.vg-schirnding.de\/index.php?rest_route=\/wp\/v2\/users\/1"}],"replies":[{"embeddable":true,"href":"https:\/\/www.vg-schirnding.de\/index.php?rest_route=%2Fwp%2Fv2%2Fcomments&post=13"}],"version-history":[{"count":4,"href":"https:\/\/www.vg-schirnding.de\/index.php?rest_route=\/wp\/v2\/pages\/13\/revisions"}],"predecessor-version":[{"id":349,"href":"https:\/\/www.vg-schirnding.de\/index.php?rest_route=\/wp\/v2\/pages\/13\/revisions\/349"}],"up":[{"embeddable":true,"href":"https:\/\/www.vg-schirnding.de\/index.php?rest_route=\/wp\/v2\/pages\/231"}],"wp:attachment":[{"href":"https:\/\/www.vg-schirnding.de\/index.php?rest_route=%2Fwp%2Fv2%2Fmedia&parent=13"}],"curies":[{"name":"wp","href":"https:\/\/api.w.org\/{rel}","templated":true}]}}