{"id":32,"date":"2026-03-05T17:43:33","date_gmt":"2026-03-05T16:43:33","guid":{"rendered":"https:\/\/www.vg-schirnding.de\/?page_id=32"},"modified":"2026-03-06T14:47:27","modified_gmt":"2026-03-06T13:47:27","slug":"32-2","status":"publish","type":"page","link":"https:\/\/www.vg-schirnding.de\/","title":{"rendered":""},"content":{"rendered":"<header class=\"entry-header\">\n<h1><img loading=\"lazy\" decoding=\"async\" class=\"alignright wp-image-483 size-large\" src=\"https:\/\/www.vg-schirnding.de\/wp-content\/uploads\/2026\/03\/csm_kommunalwahl-2026-banner_6851c27902-1024x341.jpg\" alt=\"\" width=\"625\" height=\"208\" srcset=\"https:\/\/www.vg-schirnding.de\/wp-content\/uploads\/2026\/03\/csm_kommunalwahl-2026-banner_6851c27902-1024x341.jpg 1024w, https:\/\/www.vg-schirnding.de\/wp-content\/uploads\/2026\/03\/csm_kommunalwahl-2026-banner_6851c27902-300x100.jpg 300w, https:\/\/www.vg-schirnding.de\/wp-content\/uploads\/2026\/03\/csm_kommunalwahl-2026-banner_6851c27902-768x255.jpg 768w, https:\/\/www.vg-schirnding.de\/wp-content\/uploads\/2026\/03\/csm_kommunalwahl-2026-banner_6851c27902-1536x511.jpg 1536w, https:\/\/www.vg-schirnding.de\/wp-content\/uploads\/2026\/03\/csm_kommunalwahl-2026-banner_6851c27902-624x208.jpg 624w, https:\/\/www.vg-schirnding.de\/wp-content\/uploads\/2026\/03\/csm_kommunalwahl-2026-banner_6851c27902.jpg 1918w\" sizes=\"auto, (max-width: 625px) 100vw, 625px\" \/><\/h1>\n<h1 style=\"text-align: center;\"><a href=\"https:\/\/www.vg-schirnding.de\/?p=392\">&gt;&gt;&gt; Infos &amp; Ergebnisse &lt;&lt;&lt;<\/a><\/h1>\n<p><\/br><\/p>\n<h1><\/h1>\n<h1 class=\"entry-title\"><strong>Herzlich Willkommen<\/strong><\/h1>\n<\/header>\n<div class=\"entry-content\">\n<p class=\"tiny_p\">Liebe Mitb\u00fcrgerinnen, liebe Mitb\u00fcrger,<br \/>\nliebe Besucher unserer Homepage,<\/p>\n<p style=\"text-align: justify;\"><a href=\"https:\/\/www.vg-schirnding.de\/wp-content\/uploads\/2020\/06\/juergen-hoffmann.jpg\"><img loading=\"lazy\" decoding=\"async\" class=\"alignright wp-image-164\" src=\"https:\/\/www.vg-schirnding.de\/wp-content\/uploads\/2020\/06\/juergen-hoffmann.jpg\" alt=\"\" width=\"162\" height=\"229\" \/><\/a>ich freue mich, dass Sie den Weg auf unsere Internetseite gefunden haben und begr\u00fc\u00dfe Sie recht herzlich auf unserer Homepage der Verwaltungsgemeinschaft Schirnding. Die beiden Gemeinden Hohenberg a.d. Eger und Schirnding bilden diese seit 1978 mit Sitz im Rathaus Schirnding.<\/p>\n<\/div>\n<p style=\"text-align: justify;\" align=\"justify\">Unsere Internetseite erm\u00f6glicht Ihnen unser Rathaus &#8222;digital&#8220; zu nutzen, Mitteilungen zu erstellen, Anfragen an unsere Mitarbeiter zu starten, aber auch Aktuelles \u00fcber unsere sch\u00f6ne Gegend am Ostrand des Fichtelgebirges zu erhalten.<\/p>\n<p style=\"text-align: justify;\">Wir hoffen, dass unser Internetangebot f\u00fcr Sie einen zus\u00e4tzlichen Service, neben der pers\u00f6nlichen Beratung in der Verwaltungsgemeinschaft darstellt.<\/p>\n<div class=\"entry-content\">\n<p align=\"justify\">Mit freundlichen Gr\u00fc\u00dfen<\/p>\n<p align=\"justify\">J\u00fcrgen Hoffmann<br \/>\nGemeinschaftsvorsitzender<\/p>\n<h4 align=\"justify\"><\/h4>\n<\/div>\n","protected":false},"excerpt":{"rendered":"<p>&gt;&gt;&gt; Infos &amp; Ergebnisse &lt;&lt;&lt; Herzlich Willkommen Liebe Mitb\u00fcrgerinnen, liebe Mitb\u00fcrger, liebe Besucher unserer Homepage, ich freue mich, dass Sie den Weg auf unsere Internetseite gefunden haben und begr\u00fc\u00dfe Sie recht herzlich auf unserer Homepage der Verwaltungsgemeinschaft Schirnding. Die beiden Gemeinden Hohenberg a.d. Eger und Schirnding bilden diese seit 1978 mit Sitz im Rathaus Schirnding. [&hellip;]<\/p>\n","protected":false},"author":1,"featured_media":0,"parent":0,"menu_order":0,"comment_status":"closed","ping_status":"closed","template":"","meta":{"footnotes":"","_links_to":"","_links_to_target":""},"class_list":["post-32","page","type-page","status-publish","hentry"],"_links":{"self":[{"href":"https:\/\/www.vg-schirnding.de\/index.php?rest_route=\/wp\/v2\/pages\/32","targetHints":{"allow":["GET"]}}],"collection":[{"href":"https:\/\/www.vg-schirnding.de\/index.php?rest_route=\/wp\/v2\/pages"}],"about":[{"href":"https:\/\/www.vg-schirnding.de\/index.php?rest_route=\/wp\/v2\/types\/page"}],"author":[{"embeddable":true,"href":"https:\/\/www.vg-schirnding.de\/index.php?rest_route=\/wp\/v2\/users\/1"}],"replies":[{"embeddable":true,"href":"https:\/\/www.vg-schirnding.de\/index.php?rest_route=%2Fwp%2Fv2%2Fcomments&post=32"}],"version-history":[{"count":8,"href":"https:\/\/www.vg-schirnding.de\/index.php?rest_route=\/wp\/v2\/pages\/32\/revisions"}],"predecessor-version":[{"id":488,"href":"https:\/\/www.vg-schirnding.de\/index.php?rest_route=\/wp\/v2\/pages\/32\/revisions\/488"}],"wp:attachment":[{"href":"https:\/\/www.vg-schirnding.de\/index.php?rest_route=%2Fwp%2Fv2%2Fmedia&parent=32"}],"curies":[{"name":"wp","href":"https:\/\/api.w.org\/{rel}","templated":true}]}}